{"id":13818,"date":"2025-05-11T19:57:53","date_gmt":"2025-05-12T00:57:53","guid":{"rendered":"https:\/\/doralchef.com\/product\/speed-pomegranates-all-in-one-wide-black\/"},"modified":"2025-05-11T19:57:53","modified_gmt":"2025-05-12T00:57:53","slug":"speed-pomegranates-all-in-one-wide-black","status":"publish","type":"product","link":"https:\/\/doralchef.com\/es\/producto\/speed-pomegranates-all-in-one-wide-black\/","title":{"rendered":"Exprimidor de granadas autom\u00e1tico todo en uno de alta capacidad Zumex 10007 Speed \u200b\u200bUp con amplio podio negro."},"content":{"rendered":"<h2 data-testid=\"product-description-heading\"><strong>Detalles del Zumex 10007<\/strong><\/h2>\n<p style=\"text-align: justify;\"><a href=\"https:\/\/doralchef.com\/?attachment_id=13036\" rel=\"attachment wp-att-13036\"><img loading=\"lazy\" decoding=\"async\" class=\" wp-image-13036 alignright\" src=\"https:\/\/doralchef.com\/wp-content\/uploads\/2025\/05\/Zumex-10007-Speed-Up-All-in-One-High-Capacity.jpg\" alt=\"Zumex 10007 Speed \u200b\u200bUp Todo en Uno de Alta Capacidad\" width=\"314\" height=\"359\" srcset=\"https:\/\/doralchef.com\/wp-content\/uploads\/2025\/05\/Zumex-10007-Speed-Up-All-in-One-High-Capacity.jpg 700w, https:\/\/doralchef.com\/wp-content\/uploads\/2025\/05\/Zumex-10007-Speed-Up-All-in-One-High-Capacity-150x171.jpg 150w, https:\/\/doralchef.com\/wp-content\/uploads\/2025\/05\/Zumex-10007-Speed-Up-All-in-One-High-Capacity-263x300.jpg 263w, https:\/\/doralchef.com\/wp-content\/uploads\/2025\/05\/Zumex-10007-Speed-Up-All-in-One-High-Capacity-600x686.jpg 600w\" sizes=\"auto, (max-width: 314px) 100vw, 314px\" \/><\/a>Si desea a\u00f1adir un refrescante zumo de granada reci\u00e9n exprimido a su men\u00fa, \u00a1el exprimidor de granada Zumex 10007 Speed \u200b\u200bUp All-in-One de alta capacidad y alimentaci\u00f3n autom\u00e1tica es imprescindible para su establecimiento! Ya sea que gestione un hotel, restaurante o bar, esta unidad le permite preparar un gran volumen de zumo a demanda sin ocupar mucho espacio en su cocina o comedor. Gracias a su proceso de exprimido transparente y su elegante dise\u00f1o, los clientes tambi\u00e9n podr\u00e1n disfrutar viendo c\u00f3mo se exprime la fruta en acci\u00f3n.  <\/p>\n<p style=\"text-align: justify;\">Esta unidad todo en uno se encuentra en un elegante podio negro para crear un sistema aut\u00f3nomo, f\u00e1cil de mantener limpio e higi\u00e9nico. Capaz de extraer el jugo de hasta 30 granadas por minuto, la velocidad es una de las principales caracter\u00edsticas del Speed \u200b\u200bUp. El alimentador autom\u00e1tico facilita su manejo. Olv\u00eddese de la recarga constante: \u00a1la tolva en la parte superior de la m\u00e1quina tiene capacidad para hasta 20 kg de fruta! Este exprimidor incluye una bandeja de goteo integrada en el podio y un sistema autom\u00e1tico PulpOut que extrae la pulpa de la m\u00e1quina y la dispensa autom\u00e1ticamente en un contenedor de residuos ubicado debajo de la unidad. Esto mantiene su m\u00e1quina lo m\u00e1s limpia e higi\u00e9nica posible.      <a href=\"https:\/\/doralchef.com\/?attachment_id=13035\" rel=\"attachment wp-att-13035\"><img loading=\"lazy\" decoding=\"async\" class=\" wp-image-13035 alignright\" src=\"https:\/\/doralchef.com\/wp-content\/uploads\/2025\/05\/Zumex-10007-Speed-Up-All-in-One-High-Capacity-4.jpg\" alt=\"Zumex 10007 Speed \u200b\u200bUp Todo en Uno de Alta Capacidad\" width=\"319\" height=\"365\" srcset=\"https:\/\/doralchef.com\/wp-content\/uploads\/2025\/05\/Zumex-10007-Speed-Up-All-in-One-High-Capacity-4.jpg 700w, https:\/\/doralchef.com\/wp-content\/uploads\/2025\/05\/Zumex-10007-Speed-Up-All-in-One-High-Capacity-4-150x171.jpg 150w, https:\/\/doralchef.com\/wp-content\/uploads\/2025\/05\/Zumex-10007-Speed-Up-All-in-One-High-Capacity-4-263x300.jpg 263w, https:\/\/doralchef.com\/wp-content\/uploads\/2025\/05\/Zumex-10007-Speed-Up-All-in-One-High-Capacity-4-600x686.jpg 600w\" sizes=\"auto, (max-width: 319px) 100vw, 319px\" \/><\/a><\/p>\n<p style=\"text-align: justify;\">El grifo Up y el soporte para botellas incluidos permiten verter el jugo c\u00f3modamente en el vaso o jarra para servirlo. La pantalla digital, f\u00e1cil de usar, incluye dos modos para una extracci\u00f3n precisa. A\u00f1ade los kits de extracci\u00f3n de jugo peque\u00f1os y grandes (se venden por separado) para usar este exprimidor con otras frutas, como limones, limas, mandarinas o pomelos, y as\u00ed ofrecer a tus clientes la mayor variedad de opciones frescas. El potente motor y la carcasa ofrecen una larga duraci\u00f3n y resistir\u00e1n un uso intensivo. Adem\u00e1s, cuenta con una clasificaci\u00f3n de resistencia al agua IPX4 para mayor comodidad, protegi\u00e9ndolo de ambientes h\u00famedos o con vapor. Esta unidad requiere una conexi\u00f3n el\u00e9ctrica de 115 V para funcionar.     <\/p>\n<p><em><strong>Dimensiones del exprimidor: <\/strong><\/em><br \/>\nAncho: 23 5\/16&#8243;<br \/>\nProfundidad: 24 5\/8&#8243;<br \/>\nAltura: 41 5\/16&#8243;<\/p>\n<p><em><strong>Dimensiones generales (con podio): <\/strong><\/em><\/p>\n<p>Ancho: 31 15\/16&#8243;<br \/>\nProfundidad: 26 13\/16&#8243;<br \/>\nAlto: 69 15\/16&#8243;<\/p>\n<h3><strong>Recursos y descargas Zumex<\/strong><strong> <\/strong><\/h3>\n<p style=\"text-align: left;\"><a href=\"https:\/\/doralchef.com\/wp-content\/uploads\/2022\/06\/specsheet-4.png\" rel=\"attachment wp-att-12762\"><img loading=\"lazy\" decoding=\"async\" class=\"size-full wp-image-12762 alignleft\" src=\"https:\/\/doralchef.com\/wp-content\/uploads\/2025\/05\/110X160.jpg\" alt=\"\" width=\"110\" height=\"160\"><\/a><a href=\"https:\/\/doralchef.com\/?attachment_id=12764\" rel=\"attachment wp-att-12764\"><img loading=\"lazy\" decoding=\"async\" class=\"size-full wp-image-12764 alignleft\" src=\"https:\/\/doralchef.com\/wp-content\/uploads\/2025\/05\/110X160-3.jpg\" alt=\"\" width=\"110\" height=\"160\"><\/a><a href=\"https:\/\/doralchef.com\/wp-content\/uploads\/2022\/06\/zumex_speed_pomegranates_leaflet_2019_en_2.pdf\" rel=\"attachment wp-att-12765\"><img loading=\"lazy\" decoding=\"async\" class=\"size-full wp-image-12765 alignleft\" src=\"https:\/\/doralchef.com\/wp-content\/uploads\/2025\/05\/110X160-2.jpg\" alt=\"\" width=\"110\" height=\"160\"><\/a><\/p>\n<p style=\"text-align: right;\"><span style=\"font-family: helvetica, arial, sans-serif;\"><span style=\"font-size: 10pt;\"> <\/span><\/span><\/p>\n<p>&nbsp;<\/p>\n<p>&nbsp;<\/p>\n<p>&nbsp;<\/p>\n<p>&nbsp;<\/p>\n<p><a href=\"https:\/\/doralchef.com\/wp-content\/uploads\/2022\/06\/certi-nsf.png\"><img decoding=\"async\" src=\"https:\/\/doralchef.com\/wp-content\/uploads\/2022\/06\/certi-nsf.png\"><\/a><\/p>\n<p>&nbsp;<\/p>\n","protected":false},"excerpt":{"rendered":"<h5 class=\"leading-none text-sm\">Descripci\u00f3n general del producto:<\/h5>\n<ul>\n<li>Capaz de exprimir hasta 30 granadas por minuto.<\/li>\n<li>El sistema autom\u00e1tico PulpOut retira la pulpa de la m\u00e1quina de forma higi\u00e9nica y continua.<\/li>\n<li>Un podio ligero con ruedas crea un sistema aut\u00f3nomo.<\/li>\n<li>El grifo y el soporte para botellas dispensan jugo directamente en el recipiente de su bebida.<\/li>\n<li>La bandeja de goteo drena directamente en el recipiente de desechos; 115 V, 370 W.<\/li>\n<\/ul>\n","protected":false},"featured_media":13809,"template":"","meta":{"om_disable_all_campaigns":false,"_monsterinsights_skip_tracking":false,"_monsterinsights_sitenote_active":false,"_monsterinsights_sitenote_note":"","_monsterinsights_sitenote_category":0},"product_brand":[1192],"product_cat":[1286,1257,1263],"product_tag":[1283,1278,1279,1281,1285,1270,1273,1271,1272,1282,1277,1275,1276,1267,1280,1284,1274,1269],"class_list":{"0":"post-13818","1":"product","2":"type-product","3":"status-publish","4":"has-post-thumbnail","6":"product_brand-zumex","7":"product_cat-exprimidores-zumex","8":"product_cat-exprimidores-zumex-meta","9":"product_cat-rango-de-velocidad","10":"product_tag-chef-es","11":"product_tag-doral-es","12":"product_tag-doral-chef-es","13":"product_tag-doral-florida-es","14":"product_tag-exprimidor-de-naranjas","15":"product_tag-exprimidores","16":"product_tag-exprimidores-de-naranja","17":"product_tag-exprimidores-zumex","18":"product_tag-exprimidores-zumex-es","19":"product_tag-florida-es","20":"product_tag-juice-es","21":"product_tag-lime-es","22":"product_tag-limon","23":"product_tag-maquina-exprimidora","24":"product_tag-miami-es","25":"product_tag-miami-florida-es","26":"product_tag-naranja","27":"product_tag-zumex-es","28":"pa_colors-negro","29":"pa_voltage-hz-115-vol-60hz","31":"first","32":"instock","33":"taxable","34":"shipping-taxable","35":"purchasable","36":"product-type-simple"},"aioseo_notices":[],"_links":{"self":[{"href":"https:\/\/doralchef.com\/es\/wp-json\/wp\/v2\/product\/13818","targetHints":{"allow":["GET"]}}],"collection":[{"href":"https:\/\/doralchef.com\/es\/wp-json\/wp\/v2\/product"}],"about":[{"href":"https:\/\/doralchef.com\/es\/wp-json\/wp\/v2\/types\/product"}],"wp:featuredmedia":[{"embeddable":true,"href":"https:\/\/doralchef.com\/es\/wp-json\/wp\/v2\/media\/13809"}],"wp:attachment":[{"href":"https:\/\/doralchef.com\/es\/wp-json\/wp\/v2\/media?parent=13818"}],"wp:term":[{"taxonomy":"product_brand","embeddable":true,"href":"https:\/\/doralchef.com\/es\/wp-json\/wp\/v2\/product_brand?post=13818"},{"taxonomy":"product_cat","embeddable":true,"href":"https:\/\/doralchef.com\/es\/wp-json\/wp\/v2\/product_cat?post=13818"},{"taxonomy":"product_tag","embeddable":true,"href":"https:\/\/doralchef.com\/es\/wp-json\/wp\/v2\/product_tag?post=13818"}],"curies":[{"name":"wp","href":"https:\/\/api.w.org\/{rel}","templated":true}]}}