{"id":13964,"date":"2025-06-13T09:37:57","date_gmt":"2025-06-13T14:37:57","guid":{"rendered":"https:\/\/doralchef.com\/sobre-doral-chef\/"},"modified":"2025-06-13T10:03:10","modified_gmt":"2025-06-13T15:03:10","slug":"sobre-doral-chef-miami","status":"publish","type":"page","link":"https:\/\/doralchef.com\/es\/sobre-doral-chef-miami\/","title":{"rendered":"Sobre nosotros."},"content":{"rendered":"\t\t<div data-elementor-type=\"wp-page\" data-elementor-id=\"13964\" class=\"elementor elementor-13964 elementor-13956\" data-elementor-post-type=\"page\">\n\t\t\t\t<div class=\"wd-negative-gap elementor-element elementor-element-3512576f e-flex e-con-boxed e-con e-parent\" data-id=\"3512576f\" data-element_type=\"container\">\n\t\t\t\t\t<div class=\"e-con-inner\">\n\t\t\t\t<div class=\"elementor-element elementor-element-7dc6ccaf elementor-widget elementor-widget-wd_banner\" data-id=\"7dc6ccaf\" data-element_type=\"widget\" data-widget_type=\"wd_banner.default\">\n\t\t\t\t<div class=\"elementor-widget-container\">\n\t\t\t\t\t\t\t<div class=\"promo-banner-wrapper\">\n\t\t\t<div class=\"promo-banner banner-mask banner-hover-none color-scheme-light banner-btn-size-default banner-btn-style-default wd-with-link\">\n\t\t\t\t<div class=\"main-wrapp-img\">\n\t\t\t\t\t<div class=\"banner-image\">\n\t\t\t\t\t\t\t\t\t\t\t\t\t\t\t\t\t\t\t\t\t<img loading=\"lazy\" decoding=\"async\" width=\"1420\" height=\"480\" src=\"https:\/\/doralchef.com\/wp-content\/uploads\/2025\/05\/Banner-About-us-Doral-Chef-1.jpg\" class=\"attachment-full size-full\" alt=\"\" srcset=\"https:\/\/doralchef.com\/wp-content\/uploads\/2025\/05\/Banner-About-us-Doral-Chef-1.jpg 1420w, https:\/\/doralchef.com\/wp-content\/uploads\/2025\/05\/Banner-About-us-Doral-Chef-1-150x51.jpg 150w, https:\/\/doralchef.com\/wp-content\/uploads\/2025\/05\/Banner-About-us-Doral-Chef-1-1200x406.jpg 1200w, https:\/\/doralchef.com\/wp-content\/uploads\/2025\/05\/Banner-About-us-Doral-Chef-1-300x101.jpg 300w, https:\/\/doralchef.com\/wp-content\/uploads\/2025\/05\/Banner-About-us-Doral-Chef-1-600x203.jpg 600w, https:\/\/doralchef.com\/wp-content\/uploads\/2025\/05\/Banner-About-us-Doral-Chef-1-768x260.jpg 768w\" sizes=\"auto, (max-width: 1420px) 100vw, 1420px\" \/>\t\t\t\t\t\t\t\t\t\t\t\t\t\t\t\t\t\t<\/div>\n\t\t\t\t<\/div>\n\n\t\t\t\t<div class=\"wrapper-content-banner wd-fill wd-items-bottom wd-justify-left\">\n\t\t\t\t\t<div class=\"content-banner  text-left\">\n\t\t\t\t\t\t\n\t\t\t\t\t\t\t\t\t\t\t\t\t<h4 class=\"banner-title wd-fontsize-s\" data-elementor-setting-key=\"title\">\n\t\t\t\t\t\t\t\tNosotros\t\t\t\t\t\t\t<\/h4>\n\t\t\t\t\t\t\n\t\t\t\t\t\t\n\t\t\t\t\t\t\n\t\t\t\t\t\t\t\t\t\t\t<\/div>\n\t\t\t\t<\/div>\n\n\t\t\t\t\t\t\t\t\t<a href=\"#\" class=\"wd-promo-banner-link wd-fill\" aria-label=\"Banner link\"><\/a>\n\t\t\t\t\t\t\t<\/div>\n\t\t<\/div>\n\t\t\t\t\t\t<\/div>\n\t\t\t\t<\/div>\n\t\t\t\t\t<\/div>\n\t\t\t\t<\/div>\n\t\t<div class=\"wd-negative-gap elementor-element elementor-element-55315e4d e-flex e-con-boxed e-con e-parent\" data-id=\"55315e4d\" data-element_type=\"container\" data-settings=\"{&quot;background_background&quot;:&quot;classic&quot;}\">\n\t\t\t\t\t<div class=\"e-con-inner\">\n\t\t<div class=\"elementor-element elementor-element-77873405 e-con-full e-flex e-con e-child\" data-id=\"77873405\" data-element_type=\"container\">\n\t\t<div class=\"elementor-element elementor-element-b04ebd6 e-con-full e-flex e-con e-child\" data-id=\"b04ebd6\" data-element_type=\"container\" data-settings=\"{&quot;background_background&quot;:&quot;classic&quot;}\">\n\t\t<div class=\"elementor-element elementor-element-6b2b803c e-con-full e-flex e-con e-child\" data-id=\"6b2b803c\" data-element_type=\"container\">\n\t\t\t\t<div class=\"elementor-element elementor-element-4be82adf elementor-widget elementor-widget-wd_text_block\" data-id=\"4be82adf\" data-element_type=\"widget\" data-widget_type=\"wd_text_block.default\">\n\t\t\t\t<div class=\"elementor-widget-container\">\n\t\t\t\t\t\t\t<div class=\"wd-text-block reset-last-child text-left\">\n\t\t\t\n\t\t\t<p>Nosotros, ITALY GROUP RSS, Corp. somos una empresa establecida en el sur de Florida bajo el nombre comercial de DoralChef Equipment &amp; Supplies, vendemos cortadoras, ralladores de queso, hornos el\u00e9ctricos y de convecci\u00f3n, batidora industrial, laminadora de masa, exprimidores, procesadores de alimentos, piezas de repuesto y mucho m\u00e1s.<\/p><p>Nuestro establecimiento representa marcas como: Trevi, Zumex, Bimg, Atosa y Sammic, ofreci\u00e9ndote la posibilidad de explorar la mejor selecci\u00f3n y calidad de productos profesionales de restauraci\u00f3n de todo el mundo, todo ello tra\u00eddo hasta ti por DoralChef Equipment &amp; Supplies.<\/p><p>Distribuimos y enviamos nuestros productos a todo Estados Unidos, Centroam\u00e9rica, Sudam\u00e9rica y las islas del Caribe, por lo que, aunque est\u00e9s lejos de nosotros, podemos hacer que nuestros equipos lleguen hasta ti para satisfacer tus necesidades.<\/p>\n\t\t\t\t\t<\/div>\n\t\t\t\t\t\t<\/div>\n\t\t\t\t<\/div>\n\t\t\t\t<div class=\"elementor-element elementor-element-2f164bda wd-width-100 elementor-widget elementor-widget-wd_title\" data-id=\"2f164bda\" data-element_type=\"widget\" data-widget_type=\"wd_title.default\">\n\t\t\t\t<div class=\"elementor-widget-container\">\n\t\t\t\t\t\t\t<div class=\"title-wrapper wd-set-mb reset-last-child wd-title-color-default wd-title-style-default wd-title-size-default text-left\">\n\n\t\t\t\n\t\t\t<div class=\"liner-continer\">\n\t\t\t\t<h4 class=\"woodmart-title-container title wd-fontsize-l\">MARCAS POPULARES DE SUMINISTROS PARA RESTAURANTES<\/h4> \n\t\t\t\t\t\t\t<\/div>\n\n\t\t\t\t\t<\/div>\n\t\t\t\t\t\t<\/div>\n\t\t\t\t<\/div>\n\t\t\t\t<div class=\"elementor-element elementor-element-674b3727 elementor-widget elementor-widget-wd_products_brands\" data-id=\"674b3727\" data-element_type=\"widget\" data-widget_type=\"wd_products_brands.default\">\n\t\t\t\t<div class=\"elementor-widget-container\">\n\t\t\t\t\t\t\t<div class=\"wd-brands brands-widget slider-brands_3578 wd-hover-default wd-style-bordered wd-layout-grid\" id=\"brands_3578\">\n\t\t\t\n\t\t\t<div class=\"wd-grid-g\" style=\"--wd-col-lg:6;--wd-col-md:4;--wd-col-sm:2;\" >\n\t\t\t\t\n\t\t\t\t\t\t\t\t\t\t\t\t\t\t\t\n\t\t\t\t\t\t<div class=\"wd-col\">\n\t\t\t\t\t\t\t<div class=\"wd-brand-item brand-item\">\n\t\t\t\t\t\t\t\t\t\t\t\t\t\t\t\t\t\t\t\t\t\t\t\t\t\t\t<a title=\"TRE SPADE\" href=\"https:\/\/doralchef.com\/brand\/tre-spade\/\" class=\"wd-fill\"><\/a>\n\t\t\t\t\t\t\t\t\t\n\t\t\t\t\t\t\t\t\t<img loading=\"lazy\" decoding=\"async\" width=\"200\" height=\"100\" src=\"https:\/\/doralchef.com\/wp-content\/uploads\/2025\/05\/TreSpade-logo.jpg\" class=\"attachment-full size-full\" alt=\"\" srcset=\"https:\/\/doralchef.com\/wp-content\/uploads\/2025\/05\/TreSpade-logo.jpg 200w, https:\/\/doralchef.com\/wp-content\/uploads\/2025\/05\/TreSpade-logo-150x75.jpg 150w\" sizes=\"auto, (max-width: 200px) 100vw, 200px\" \/>\t\t\t\t\t\t\t\t\t\t\t\t\t\t\t<\/div>\n\t\t\t\t\t\t<\/div>\n\t\t\t\t\t\t\t\t\t\t\t\n\t\t\t\t\t\t<div class=\"wd-col\">\n\t\t\t\t\t\t\t<div class=\"wd-brand-item brand-item\">\n\t\t\t\t\t\t\t\t\t\t\t\t\t\t\t\t\t\t\t\t\t\t\t\t\t\t\t<a title=\"Gelopar\" href=\"https:\/\/doralchef.com\/brand\/gelopar\/\" class=\"wd-fill\"><\/a>\n\t\t\t\t\t\t\t\t\t\n\t\t\t\t\t\t\t\t\t<img loading=\"lazy\" decoding=\"async\" width=\"200\" height=\"100\" src=\"https:\/\/doralchef.com\/wp-content\/uploads\/2025\/05\/gelopar-logo.jpg\" class=\"attachment-full size-full\" alt=\"\" srcset=\"https:\/\/doralchef.com\/wp-content\/uploads\/2025\/05\/gelopar-logo.jpg 200w, https:\/\/doralchef.com\/wp-content\/uploads\/2025\/05\/gelopar-logo-150x75.jpg 150w\" sizes=\"auto, (max-width: 200px) 100vw, 200px\" \/>\t\t\t\t\t\t\t\t\t\t\t\t\t\t\t<\/div>\n\t\t\t\t\t\t<\/div>\n\t\t\t\t\t\t\t\t\t\t\t\n\t\t\t\t\t\t<div class=\"wd-col\">\n\t\t\t\t\t\t\t<div class=\"wd-brand-item brand-item\">\n\t\t\t\t\t\t\t\t\t\t\t\t\t\t\t\t\t\t\t\t\t\t\t\t\t\t\t<a title=\"MEGADYNE\" href=\"https:\/\/doralchef.com\/es\/brand\/megadyne\/\" class=\"wd-fill\"><\/a>\n\t\t\t\t\t\t\t\t\t\n\t\t\t\t\t\t\t\t\t<img loading=\"lazy\" decoding=\"async\" width=\"879\" height=\"326\" src=\"https:\/\/doralchef.com\/wp-content\/uploads\/2025\/08\/belt-megadyne-DoralChef-2025.jpg\" class=\"attachment-full size-full\" alt=\"\" srcset=\"https:\/\/doralchef.com\/wp-content\/uploads\/2025\/08\/belt-megadyne-DoralChef-2025.jpg 879w, https:\/\/doralchef.com\/wp-content\/uploads\/2025\/08\/belt-megadyne-DoralChef-2025-150x56.jpg 150w, https:\/\/doralchef.com\/wp-content\/uploads\/2025\/08\/belt-megadyne-DoralChef-2025-300x111.jpg 300w, https:\/\/doralchef.com\/wp-content\/uploads\/2025\/08\/belt-megadyne-DoralChef-2025-600x223.jpg 600w, https:\/\/doralchef.com\/wp-content\/uploads\/2025\/08\/belt-megadyne-DoralChef-2025-768x285.jpg 768w\" sizes=\"auto, (max-width: 879px) 100vw, 879px\" \/>\t\t\t\t\t\t\t\t\t\t\t\t\t\t\t<\/div>\n\t\t\t\t\t\t<\/div>\n\t\t\t\t\t\t\t\t\t\t\t\n\t\t\t\t\t\t<div class=\"wd-col\">\n\t\t\t\t\t\t\t<div class=\"wd-brand-item brand-item\">\n\t\t\t\t\t\t\t\t\t\t\t\t\t\t\t\t\t\t\t\t\t\t\t\t\t\t\t<a title=\"TREVI\" href=\"https:\/\/doralchef.com\/brand\/trevi\/\" class=\"wd-fill\"><\/a>\n\t\t\t\t\t\t\t\t\t\n\t\t\t\t\t\t\t\t\t<img loading=\"lazy\" decoding=\"async\" width=\"200\" height=\"100\" src=\"https:\/\/doralchef.com\/wp-content\/uploads\/2025\/05\/trevi-logos.jpg\" class=\"attachment-full size-full\" alt=\"\" srcset=\"https:\/\/doralchef.com\/wp-content\/uploads\/2025\/05\/trevi-logos.jpg 200w, https:\/\/doralchef.com\/wp-content\/uploads\/2025\/05\/trevi-logos-150x75.jpg 150w\" sizes=\"auto, (max-width: 200px) 100vw, 200px\" \/>\t\t\t\t\t\t\t\t\t\t\t\t\t\t\t<\/div>\n\t\t\t\t\t\t<\/div>\n\t\t\t\t\t\t\t\t\t\t\t\n\t\t\t\t\t\t<div class=\"wd-col\">\n\t\t\t\t\t\t\t<div class=\"wd-brand-item brand-item\">\n\t\t\t\t\t\t\t\t\t\t\t\t\t\t\t\t\t\t\t\t\t\t\t\t\t\t\t<a title=\"SALVADOR\" href=\"https:\/\/doralchef.com\/brand\/salvador\/\" class=\"wd-fill\"><\/a>\n\t\t\t\t\t\t\t\t\t\n\t\t\t\t\t\t\t\t\t<img loading=\"lazy\" decoding=\"async\" width=\"200\" height=\"100\" src=\"https:\/\/doralchef.com\/wp-content\/uploads\/2025\/05\/SALVADOR-logo.jpg\" class=\"attachment-full size-full\" alt=\"\" srcset=\"https:\/\/doralchef.com\/wp-content\/uploads\/2025\/05\/SALVADOR-logo.jpg 200w, https:\/\/doralchef.com\/wp-content\/uploads\/2025\/05\/SALVADOR-logo-150x75.jpg 150w\" sizes=\"auto, (max-width: 200px) 100vw, 200px\" \/>\t\t\t\t\t\t\t\t\t\t\t\t\t\t\t<\/div>\n\t\t\t\t\t\t<\/div>\n\t\t\t\t\t\t\t\t\t\t\t\n\t\t\t\t\t\t<div class=\"wd-col\">\n\t\t\t\t\t\t\t<div class=\"wd-brand-item brand-item\">\n\t\t\t\t\t\t\t\t\t\t\t\t\t\t\t\t\t\t\t\t\t\t\t\t\t\t\t<a title=\"SAMMIC\" href=\"https:\/\/doralchef.com\/brand\/sammic\/\" class=\"wd-fill\"><\/a>\n\t\t\t\t\t\t\t\t\t\n\t\t\t\t\t\t\t\t\t<img loading=\"lazy\" decoding=\"async\" width=\"200\" height=\"100\" src=\"https:\/\/doralchef.com\/wp-content\/uploads\/2025\/05\/SAMMIC-logo.jpg\" class=\"attachment-full size-full\" alt=\"\" srcset=\"https:\/\/doralchef.com\/wp-content\/uploads\/2025\/05\/SAMMIC-logo.jpg 200w, https:\/\/doralchef.com\/wp-content\/uploads\/2025\/05\/SAMMIC-logo-150x75.jpg 150w\" sizes=\"auto, (max-width: 200px) 100vw, 200px\" \/>\t\t\t\t\t\t\t\t\t\t\t\t\t\t\t<\/div>\n\t\t\t\t\t\t<\/div>\n\t\t\t\t\t\t\t\t\t\t\t\t\t\t\t\t<\/div>\n\n\t\t\t\t\t<\/div>\n\t\t\t\t\t\t<\/div>\n\t\t\t\t<\/div>\n\t\t\t\t<\/div>\n\t\t\t\t<\/div>\n\t\t\t\t<\/div>\n\t\t\t\t\t<\/div>\n\t\t\t\t<\/div>\n\t\t\t\t<\/div>\n\t\t","protected":false},"excerpt":{"rendered":"<p>Nosotros Nosotros, ITALY GROUP RSS, Corp. somos una empresa establecida en el sur de Florida bajo el nombre comercial de<\/p>\n","protected":false},"author":1,"featured_media":0,"parent":0,"menu_order":0,"comment_status":"closed","ping_status":"closed","template":"","meta":{"om_disable_all_campaigns":false,"_monsterinsights_skip_tracking":false,"_monsterinsights_sitenote_active":false,"_monsterinsights_sitenote_note":"","_monsterinsights_sitenote_category":0,"footnotes":""},"class_list":["post-13964","page","type-page","status-publish","hentry"],"aioseo_notices":[],"_links":{"self":[{"href":"https:\/\/doralchef.com\/es\/wp-json\/wp\/v2\/pages\/13964","targetHints":{"allow":["GET"]}}],"collection":[{"href":"https:\/\/doralchef.com\/es\/wp-json\/wp\/v2\/pages"}],"about":[{"href":"https:\/\/doralchef.com\/es\/wp-json\/wp\/v2\/types\/page"}],"author":[{"embeddable":true,"href":"https:\/\/doralchef.com\/es\/wp-json\/wp\/v2\/users\/1"}],"replies":[{"embeddable":true,"href":"https:\/\/doralchef.com\/es\/wp-json\/wp\/v2\/comments?post=13964"}],"version-history":[{"count":0,"href":"https:\/\/doralchef.com\/es\/wp-json\/wp\/v2\/pages\/13964\/revisions"}],"wp:attachment":[{"href":"https:\/\/doralchef.com\/es\/wp-json\/wp\/v2\/media?parent=13964"}],"curies":[{"name":"wp","href":"https:\/\/api.w.org\/{rel}","templated":true}]}}